{"id":1866,"date":"2025-06-20T11:15:06","date_gmt":"2025-06-20T08:15:06","guid":{"rendered":"https:\/\/menu.split.ua\/?post_type=product&#038;p=1866"},"modified":"2025-12-09T12:08:09","modified_gmt":"2025-12-09T10:08:09","slug":"%d0%bf%d0%b0%d1%82%d0%b5-%d0%b7-%d1%84%d1%83%d0%b0-%d0%b3%d1%80%d0%b0","status":"publish","type":"product","link":"https:\/\/menu.split.ua\/en\/product\/%d0%bf%d0%b0%d1%82%d0%b5-%d0%b7-%d1%84%d1%83%d0%b0-%d0%b3%d1%80%d0%b0\/","title":{"rendered":"Foie gras p\u00e2t\u00e9"},"content":{"rendered":"<p>Foie gras p\u00e2t\u00e9 in fruit glaze, served with croutons and butter<\/p>","protected":false},"excerpt":{"rendered":"<p>Foie gras p\u00e2t\u00e9 in fruit glaze, served with croutons and butter<\/p>\n","protected":false},"featured_media":1868,"template":"","meta":{"_acf_changed":false},"product_brand":[],"product_cat":[60],"product_tag":[],"class_list":{"0":"post-1866","1":"product","2":"type-product","3":"status-publish","4":"has-post-thumbnail","6":"product_cat-cold-starters","8":"first","9":"instock","10":"shipping-taxable","11":"purchasable","12":"product-type-simple"},"acf":[],"_links":{"self":[{"href":"https:\/\/menu.split.ua\/en\/wp-json\/wp\/v2\/product\/1866","targetHints":{"allow":["GET"]}}],"collection":[{"href":"https:\/\/menu.split.ua\/en\/wp-json\/wp\/v2\/product"}],"about":[{"href":"https:\/\/menu.split.ua\/en\/wp-json\/wp\/v2\/types\/product"}],"wp:featuredmedia":[{"embeddable":true,"href":"https:\/\/menu.split.ua\/en\/wp-json\/wp\/v2\/media\/1868"}],"wp:attachment":[{"href":"https:\/\/menu.split.ua\/en\/wp-json\/wp\/v2\/media?parent=1866"}],"wp:term":[{"taxonomy":"product_brand","embeddable":true,"href":"https:\/\/menu.split.ua\/en\/wp-json\/wp\/v2\/product_brand?post=1866"},{"taxonomy":"product_cat","embeddable":true,"href":"https:\/\/menu.split.ua\/en\/wp-json\/wp\/v2\/product_cat?post=1866"},{"taxonomy":"product_tag","embeddable":true,"href":"https:\/\/menu.split.ua\/en\/wp-json\/wp\/v2\/product_tag?post=1866"}],"curies":[{"name":"wp","href":"https:\/\/api.w.org\/{rel}","templated":true}]}}